
{"id":16279,"date":"2025-02-18T13:28:04","date_gmt":"2025-02-18T13:28:04","guid":{"rendered":"https:\/\/hello-dev-test.last2ticket.com\/site-map\/"},"modified":"2025-02-26T03:16:44","modified_gmt":"2025-02-26T03:16:44","slug":"site-map","status":"publish","type":"page","link":"https:\/\/hello.last2ticket.com\/pt\/site-map\/","title":{"rendered":"site-map"},"content":{"rendered":"\n<div class=\"wp-block-cover alignfull is-light\" style=\"min-height:394px;aspect-ratio:unset;\"><span aria-hidden=\"true\" class=\"wp-block-cover__background has-background-dim-0 has-background-dim\" style=\"background-color:#847872\"><\/span><img fetchpriority=\"high\" decoding=\"async\" width=\"2037\" height=\"2560\" class=\"wp-block-cover__image-background wp-image-9470\" alt=\"\" src=\"https:\/\/hello-dev-test.last2ticket.com\/wp-content\/uploads\/2018\/12\/christian-perner-329584-unsplash-scaled.jpg\" data-object-fit=\"cover\" srcset=\"https:\/\/hello.last2ticket.com\/wp-content\/uploads\/2018\/12\/christian-perner-329584-unsplash-scaled.jpg 2037w, https:\/\/hello.last2ticket.com\/wp-content\/uploads\/2018\/12\/christian-perner-329584-unsplash-239x300.jpg 239w, https:\/\/hello.last2ticket.com\/wp-content\/uploads\/2018\/12\/christian-perner-329584-unsplash-815x1024.jpg 815w, https:\/\/hello.last2ticket.com\/wp-content\/uploads\/2018\/12\/christian-perner-329584-unsplash-768x965.jpg 768w, https:\/\/hello.last2ticket.com\/wp-content\/uploads\/2018\/12\/christian-perner-329584-unsplash-1222x1536.jpg 1222w, https:\/\/hello.last2ticket.com\/wp-content\/uploads\/2018\/12\/christian-perner-329584-unsplash-1630x2048.jpg 1630w\" sizes=\"(max-width: 2037px) 100vw, 2037px\" \/><div class=\"wp-block-cover__inner-container is-layout-flow wp-block-cover-is-layout-flow\">\n<p class=\"has-text-align-left has-ast-global-color-7-color has-text-color has-link-color has-large-font-size wp-elements-546ada5ee53bc3161b466492ce968905\" style=\"margin-top:0;margin-right:0px;margin-bottom:0;margin-left:0px\"><strong>Mapa do site<\/strong><\/p>\n<\/div><\/div>\n\n<div class=\"wp-block-uagb-container uagb-block-bb5c631d default uagb-is-root-container\">\n<div class=\"wp-block-uagb-container uagb-block-c0934e77\">\n<h3 class=\"wp-block-heading\" style=\"padding-top:0;padding-bottom:var(--wp--preset--spacing--40)\"><strong>Informa\u00e7\u00e3o geral<\/strong><\/h3>\n\n\n\n<p class=\"has-ast-global-color-7-color has-text-color has-link-color wp-elements-a3471a2564dcea1908ab98657df1fbd5\"><a href=\"https:\/\/hello.last2ticket.com\/pt\">P\u00e1gina inicial<\/a><\/p>\n\n\n\n<p class=\"has-ast-global-color-7-color has-text-color has-link-color wp-elements-3d0214100743ef1d8c3d185374e3df39\"><a href=\"https:\/\/hello.last2ticket.com\/pt\/about\/\">Sobre N\u00f3s<\/a><\/p>\n\n\n\n<p class=\"has-ast-global-color-7-color has-text-color has-link-color wp-elements-c2d62ff30cf933c0f2cdfbc3667f3630\"><a href=\"https:\/\/hello.last2ticket.com\/pt\/terms-and-conditions\/\">Termos and Condi\u00e7\u00f5es<\/a><\/p>\n\n\n\n<p class=\"has-ast-global-color-7-color has-text-color has-link-color wp-elements-86740522f5db009e64be0c0a4a5fd487\"><a href=\"https:\/\/hello.last2ticket.com\/pt\/privacy\">Pol\u00edtica de Privacidade<\/a><\/p>\n\n\n\n<p class=\"has-ast-global-color-7-color has-text-color has-link-color wp-elements-0a40f91d351721fc65ddff93ab1c62ab\"><a href=\"https:\/\/hello.last2ticket.com\/blog\">Blog<\/a><\/p>\n\n\n\n<p class=\"has-ast-global-color-7-color has-text-color has-link-color wp-elements-483719149e47cbc58c4ff6876c44e30e\"><a href=\"https:\/\/hello.last2ticket.com\/news\">Novidades<\/a><\/p>\n\n\n\n<p class=\"has-ast-global-color-7-color has-text-color has-link-color wp-elements-54ab336c28814cc5dad8bb2f21f3d6a8\"><a href=\"https:\/\/hello.last2ticket.com\/case-studies\/\">Casos de sucesso<\/a><\/p>\n\n\n\n<p class=\"has-ast-global-color-7-color has-text-color has-link-color wp-elements-84cc96378a9bc3ff6dbb6b19f9bbca79\"><a href=\"https:\/\/hello.last2ticket.com\/pt\/contact-us\/\">Contactos<\/a><\/p>\n\n\n\n<p class=\"has-ast-global-color-7-color has-text-color has-link-color wp-elements-6d77eaeb893c2235568b48c13cedf031\"><a href=\"https:\/\/hello.last2ticket.com\/pt\/faq\/\">FAQ<\/a><\/p>\n\n\n\n<p class=\"has-ast-global-color-7-color has-text-color has-link-color wp-elements-62d7cde8fc460cad55cd34bd3d91ae53\"><a href=\"https:\/\/hello.last2ticket.com\/join-our-team\/\">Juntar-se \u00e0 equipa<\/a><\/p>\n<\/div>\n\n\n\n<div class=\"wp-block-uagb-container uagb-block-51975eff\">\n<h3 class=\"wp-block-heading\" style=\"padding-bottom:var(--wp--preset--spacing--40)\"><strong>Criar eventos<\/strong><\/h3>\n\n\n\n<p class=\"has-ast-global-color-7-color has-text-color has-link-color wp-elements-13267f4d2b84061afd50f9cd1507f3a0\"><a href=\"https:\/\/hello.last2ticket.com\/pt\/host-events\/\">Criar o primeiro evento<\/a><\/p>\n\n\n\n<p class=\"has-ast-global-color-7-color has-text-color has-link-color wp-elements-5fc174aa6d22b66a476e12af58950243\"><a href=\"https:\/\/admin.last2ticket.com\/login\">Portal de gest\u00e3o de eventos<\/a><\/p>\n\n\n\n<p class=\"has-ast-global-color-7-color has-text-color has-link-color wp-elements-ef15b37ed8f949fefaebd832ccaeaeff\"><a href=\"https:\/\/hello.last2ticket.com\/pt\/product\/\">Vis\u00e3o geral do produto<\/a><\/p>\n\n\n\n<p class=\"has-ast-global-color-7-color has-text-color has-link-color wp-elements-47e21c8756391b22ef78b83972d6a845\"><a href=\"https:\/\/hello.last2ticket.com\/registration-ticketing\/\">Venda de ingressos<\/a><\/p>\n\n\n\n<p class=\"has-ast-global-color-7-color has-text-color has-link-color wp-elements-1083a6c7506b956e56c8a477d2e730ac\"><a href=\"https:\/\/hello.last2ticket.com\/pt\/marketing\/\">Marketing de eventos<\/a><\/p>\n\n\n\n<p class=\"has-ast-global-color-7-color has-text-color has-link-color wp-elements-c7bb41c5379060336d1221d4a992bf26\"><a href=\"https:\/\/hello.last2ticket.com\/pt\/analytics\/\">An\u00e1lise e gest\u00e3o de eventos<\/a><\/p>\n\n\n\n<p class=\"has-ast-global-color-7-color has-text-color has-link-color wp-elements-bbca809c71f5bee9e4a4287ba059d864\"><a href=\"https:\/\/hello.last2ticket.com\/pt\/pricing\/\">Planos e pre\u00e7os<\/a><\/p>\n\n\n\n<p class=\"has-ast-global-color-7-color has-text-color has-link-color wp-elements-b159393b632f23d95162681cf27567e6\"><a href=\"https:\/\/hello.last2ticket.com\/pt\/customization\/\">Solu\u00e7\u00e3o Customizada<\/a><\/p>\n\n\n\n<p class=\"has-ast-global-color-7-color has-text-color has-link-color wp-elements-c650613c10cba7bac9cb3c6d4ca1bf92\"><a href=\"https:\/\/hello.last2ticket.com\/pt\/trial-conditions\">Trial Conditions<\/a><\/p>\n<\/div>\n\n\n\n<div class=\"wp-block-uagb-container uagb-layout-flex uagb-block-00f26553\">\n<h3 class=\"wp-block-heading\" style=\"margin-top:0;margin-bottom:var(--wp--preset--spacing--30)\"><strong>Participar em eventos<\/strong><\/h3>\n\n\n\n<p class=\"has-ast-global-color-7-color has-text-color has-link-color wp-elements-fbe56a171bd48995383de004b447a9a0\"><a href=\"https:\/\/hello.last2ticket.com\/pt\/events\/\">Encontrar eventos<\/a><\/p>\n\n\n\n<p class=\"has-ast-global-color-7-color has-text-color has-link-color wp-elements-d3aa6c0b883f59ba92b6c9b55a0cf385\"><a href=\"https:\/\/hello.last2ticket.com\/pt\/account\/\">Encontrar bilhetes comprados<\/a><\/p>\n<\/div>\n<\/div>\n\n<p><\/p>\n","protected":false},"excerpt":{"rendered":"<p>Informa\u00e7\u00e3o geral P\u00e1gina inicial Sobre N\u00f3s Termos and Condi\u00e7\u00f5es Pol\u00edtica de Privacidade Blog Novidades Casos de sucesso Contactos FAQ Juntar-se [&hellip;]<\/p>\n","protected":false},"author":8,"featured_media":0,"parent":0,"menu_order":0,"comment_status":"closed","ping_status":"closed","template":"","meta":{"_acf_changed":false,"_uag_custom_page_level_css":"","site-sidebar-layout":"default","site-content-layout":"","ast-site-content-layout":"","site-content-style":"default","site-sidebar-style":"default","ast-global-header-display":"","ast-banner-title-visibility":"","ast-main-header-display":"","ast-hfb-above-header-display":"","ast-hfb-below-header-display":"","ast-hfb-mobile-header-display":"","site-post-title":"disabled","ast-breadcrumbs-content":"","ast-featured-img":"","footer-sml-layout":"","theme-transparent-header-meta":"","adv-header-id-meta":"","stick-header-meta":"","header-above-stick-meta":"","header-main-stick-meta":"","header-below-stick-meta":"","astra-migrate-meta-layouts":"default","ast-page-background-enabled":"default","ast-page-background-meta":{"desktop":{"background-color":"var(--ast-global-color-4)","background-image":"","background-repeat":"repeat","background-position":"center center","background-size":"auto","background-attachment":"scroll","background-type":"","background-media":"","overlay-type":"","overlay-color":"","overlay-opacity":"","overlay-gradient":""},"tablet":{"background-color":"","background-image":"","background-repeat":"repeat","background-position":"center center","background-size":"auto","background-attachment":"scroll","background-type":"","background-media":"","overlay-type":"","overlay-color":"","overlay-opacity":"","overlay-gradient":""},"mobile":{"background-color":"","background-image":"","background-repeat":"repeat","background-position":"center center","background-size":"auto","background-attachment":"scroll","background-type":"","background-media":"","overlay-type":"","overlay-color":"","overlay-opacity":"","overlay-gradient":""}},"ast-content-background-meta":{"desktop":{"background-color":"var(--ast-global-color-5)","background-image":"","background-repeat":"repeat","background-position":"center center","background-size":"auto","background-attachment":"scroll","background-type":"","background-media":"","overlay-type":"","overlay-color":"","overlay-opacity":"","overlay-gradient":""},"tablet":{"background-color":"var(--ast-global-color-5)","background-image":"","background-repeat":"repeat","background-position":"center center","background-size":"auto","background-attachment":"scroll","background-type":"","background-media":"","overlay-type":"","overlay-color":"","overlay-opacity":"","overlay-gradient":""},"mobile":{"background-color":"var(--ast-global-color-5)","background-image":"","background-repeat":"repeat","background-position":"center center","background-size":"auto","background-attachment":"scroll","background-type":"","background-media":"","overlay-type":"","overlay-color":"","overlay-opacity":"","overlay-gradient":""}},"footnotes":""},"class_list":["post-16279","page","type-page","status-publish","hentry"],"acf":[],"yoast_head":"<!-- This site is optimized with the Yoast SEO plugin v24.6 - https:\/\/yoast.com\/wordpress\/plugins\/seo\/ -->\n<title>site-map - Last2Ticket<\/title>\n<meta name=\"robots\" content=\"index, follow, max-snippet:-1, max-image-preview:large, max-video-preview:-1\" \/>\n<link rel=\"canonical\" href=\"https:\/\/hello.last2ticket.com\/pt\/site-map\/\" \/>\n<meta property=\"og:locale\" content=\"pt_PT\" \/>\n<meta property=\"og:type\" content=\"article\" \/>\n<meta property=\"og:title\" content=\"site-map - Last2Ticket\" \/>\n<meta property=\"og:description\" content=\"Informa\u00e7\u00e3o geral P\u00e1gina inicial Sobre N\u00f3s Termos and Condi\u00e7\u00f5es Pol\u00edtica de Privacidade Blog Novidades Casos de sucesso Contactos FAQ Juntar-se [&hellip;]\" \/>\n<meta property=\"og:url\" content=\"https:\/\/hello.last2ticket.com\/pt\/site-map\/\" \/>\n<meta property=\"og:site_name\" content=\"Last2Ticket\" \/>\n<meta property=\"article:modified_time\" content=\"2025-02-26T03:16:44+00:00\" \/>\n<meta property=\"og:image\" content=\"https:\/\/hello-dev-test.last2ticket.com\/wp-content\/uploads\/2018\/12\/christian-perner-329584-unsplash-scaled.jpg\" \/>\n<meta name=\"twitter:card\" content=\"summary_large_image\" \/>\n<script type=\"application\/ld+json\" class=\"yoast-schema-graph\">{\"@context\":\"https:\/\/schema.org\",\"@graph\":[{\"@type\":\"WebPage\",\"@id\":\"https:\/\/hello.last2ticket.com\/pt\/site-map\/\",\"url\":\"https:\/\/hello.last2ticket.com\/pt\/site-map\/\",\"name\":\"site-map - Last2Ticket\",\"isPartOf\":{\"@id\":\"https:\/\/hello.last2ticket.com\/#website\"},\"primaryImageOfPage\":{\"@id\":\"https:\/\/hello.last2ticket.com\/pt\/site-map\/#primaryimage\"},\"image\":{\"@id\":\"https:\/\/hello.last2ticket.com\/pt\/site-map\/#primaryimage\"},\"thumbnailUrl\":\"https:\/\/hello-dev-test.last2ticket.com\/wp-content\/uploads\/2018\/12\/christian-perner-329584-unsplash-scaled.jpg\",\"datePublished\":\"2025-02-18T13:28:04+00:00\",\"dateModified\":\"2025-02-26T03:16:44+00:00\",\"breadcrumb\":{\"@id\":\"https:\/\/hello.last2ticket.com\/pt\/site-map\/#breadcrumb\"},\"inLanguage\":\"pt\",\"potentialAction\":[{\"@type\":\"ReadAction\",\"target\":[\"https:\/\/hello.last2ticket.com\/pt\/site-map\/\"]}]},{\"@type\":\"ImageObject\",\"inLanguage\":\"pt\",\"@id\":\"https:\/\/hello.last2ticket.com\/pt\/site-map\/#primaryimage\",\"url\":\"https:\/\/hello-dev-test.last2ticket.com\/wp-content\/uploads\/2018\/12\/christian-perner-329584-unsplash-scaled.jpg\",\"contentUrl\":\"https:\/\/hello-dev-test.last2ticket.com\/wp-content\/uploads\/2018\/12\/christian-perner-329584-unsplash-scaled.jpg\"},{\"@type\":\"BreadcrumbList\",\"@id\":\"https:\/\/hello.last2ticket.com\/pt\/site-map\/#breadcrumb\",\"itemListElement\":[{\"@type\":\"ListItem\",\"position\":1,\"name\":\"In\u00edcio\",\"item\":\"https:\/\/hello.last2ticket.com\/pt\/\"},{\"@type\":\"ListItem\",\"position\":2,\"name\":\"site-map\"}]},{\"@type\":\"WebSite\",\"@id\":\"https:\/\/hello.last2ticket.com\/#website\",\"url\":\"https:\/\/hello.last2ticket.com\/\",\"name\":\"Last2Ticket\",\"description\":\"\",\"publisher\":{\"@id\":\"https:\/\/hello.last2ticket.com\/#organization\"},\"potentialAction\":[{\"@type\":\"SearchAction\",\"target\":{\"@type\":\"EntryPoint\",\"urlTemplate\":\"https:\/\/hello.last2ticket.com\/?s={search_term_string}\"},\"query-input\":{\"@type\":\"PropertyValueSpecification\",\"valueRequired\":true,\"valueName\":\"search_term_string\"}}],\"inLanguage\":\"pt\"},{\"@type\":\"Organization\",\"@id\":\"https:\/\/hello.last2ticket.com\/#organization\",\"name\":\"Last2Ticket\",\"url\":\"https:\/\/hello.last2ticket.com\/\",\"logo\":{\"@type\":\"ImageObject\",\"inLanguage\":\"pt\",\"@id\":\"https:\/\/hello.last2ticket.com\/#\/schema\/logo\/image\/\",\"url\":\"https:\/\/hello.last2ticket.com\/wp-content\/uploads\/2018\/10\/cropped-Logo-L2T-01.png\",\"contentUrl\":\"https:\/\/hello.last2ticket.com\/wp-content\/uploads\/2018\/10\/cropped-Logo-L2T-01.png\",\"width\":2439,\"height\":813,\"caption\":\"Last2Ticket\"},\"image\":{\"@id\":\"https:\/\/hello.last2ticket.com\/#\/schema\/logo\/image\/\"}}]}<\/script>\n<!-- \/ Yoast SEO plugin. -->","yoast_head_json":{"title":"site-map - Last2Ticket","robots":{"index":"index","follow":"follow","max-snippet":"max-snippet:-1","max-image-preview":"max-image-preview:large","max-video-preview":"max-video-preview:-1"},"canonical":"https:\/\/hello.last2ticket.com\/pt\/site-map\/","og_locale":"pt_PT","og_type":"article","og_title":"site-map - Last2Ticket","og_description":"Informa\u00e7\u00e3o geral P\u00e1gina inicial Sobre N\u00f3s Termos and Condi\u00e7\u00f5es Pol\u00edtica de Privacidade Blog Novidades Casos de sucesso Contactos FAQ Juntar-se [&hellip;]","og_url":"https:\/\/hello.last2ticket.com\/pt\/site-map\/","og_site_name":"Last2Ticket","article_modified_time":"2025-02-26T03:16:44+00:00","og_image":[{"url":"https:\/\/hello-dev-test.last2ticket.com\/wp-content\/uploads\/2018\/12\/christian-perner-329584-unsplash-scaled.jpg","type":"","width":"","height":""}],"twitter_card":"summary_large_image","schema":{"@context":"https:\/\/schema.org","@graph":[{"@type":"WebPage","@id":"https:\/\/hello.last2ticket.com\/pt\/site-map\/","url":"https:\/\/hello.last2ticket.com\/pt\/site-map\/","name":"site-map - Last2Ticket","isPartOf":{"@id":"https:\/\/hello.last2ticket.com\/#website"},"primaryImageOfPage":{"@id":"https:\/\/hello.last2ticket.com\/pt\/site-map\/#primaryimage"},"image":{"@id":"https:\/\/hello.last2ticket.com\/pt\/site-map\/#primaryimage"},"thumbnailUrl":"https:\/\/hello-dev-test.last2ticket.com\/wp-content\/uploads\/2018\/12\/christian-perner-329584-unsplash-scaled.jpg","datePublished":"2025-02-18T13:28:04+00:00","dateModified":"2025-02-26T03:16:44+00:00","breadcrumb":{"@id":"https:\/\/hello.last2ticket.com\/pt\/site-map\/#breadcrumb"},"inLanguage":"pt","potentialAction":[{"@type":"ReadAction","target":["https:\/\/hello.last2ticket.com\/pt\/site-map\/"]}]},{"@type":"ImageObject","inLanguage":"pt","@id":"https:\/\/hello.last2ticket.com\/pt\/site-map\/#primaryimage","url":"https:\/\/hello-dev-test.last2ticket.com\/wp-content\/uploads\/2018\/12\/christian-perner-329584-unsplash-scaled.jpg","contentUrl":"https:\/\/hello-dev-test.last2ticket.com\/wp-content\/uploads\/2018\/12\/christian-perner-329584-unsplash-scaled.jpg"},{"@type":"BreadcrumbList","@id":"https:\/\/hello.last2ticket.com\/pt\/site-map\/#breadcrumb","itemListElement":[{"@type":"ListItem","position":1,"name":"In\u00edcio","item":"https:\/\/hello.last2ticket.com\/pt\/"},{"@type":"ListItem","position":2,"name":"site-map"}]},{"@type":"WebSite","@id":"https:\/\/hello.last2ticket.com\/#website","url":"https:\/\/hello.last2ticket.com\/","name":"Last2Ticket","description":"","publisher":{"@id":"https:\/\/hello.last2ticket.com\/#organization"},"potentialAction":[{"@type":"SearchAction","target":{"@type":"EntryPoint","urlTemplate":"https:\/\/hello.last2ticket.com\/?s={search_term_string}"},"query-input":{"@type":"PropertyValueSpecification","valueRequired":true,"valueName":"search_term_string"}}],"inLanguage":"pt"},{"@type":"Organization","@id":"https:\/\/hello.last2ticket.com\/#organization","name":"Last2Ticket","url":"https:\/\/hello.last2ticket.com\/","logo":{"@type":"ImageObject","inLanguage":"pt","@id":"https:\/\/hello.last2ticket.com\/#\/schema\/logo\/image\/","url":"https:\/\/hello.last2ticket.com\/wp-content\/uploads\/2018\/10\/cropped-Logo-L2T-01.png","contentUrl":"https:\/\/hello.last2ticket.com\/wp-content\/uploads\/2018\/10\/cropped-Logo-L2T-01.png","width":2439,"height":813,"caption":"Last2Ticket"},"image":{"@id":"https:\/\/hello.last2ticket.com\/#\/schema\/logo\/image\/"}}]}},"uagb_featured_image_src":{"full":false,"thumbnail":false,"medium":false,"medium_large":false,"large":false,"1536x1536":false,"2048x2048":false},"uagb_author_info":{"display_name":"ioan.lungu","author_link":"https:\/\/hello.last2ticket.com\/pt\/author\/ioan-lungu\/"},"uagb_comment_info":0,"uagb_excerpt":"Informa\u00e7\u00e3o geral P\u00e1gina inicial Sobre N\u00f3s Termos and Condi\u00e7\u00f5es Pol\u00edtica de Privacidade Blog Novidades Casos de sucesso Contactos FAQ Juntar-se [&hellip;]","_links":{"self":[{"href":"https:\/\/hello.last2ticket.com\/pt\/wp-json\/wp\/v2\/pages\/16279","targetHints":{"allow":["GET"]}}],"collection":[{"href":"https:\/\/hello.last2ticket.com\/pt\/wp-json\/wp\/v2\/pages"}],"about":[{"href":"https:\/\/hello.last2ticket.com\/pt\/wp-json\/wp\/v2\/types\/page"}],"author":[{"embeddable":true,"href":"https:\/\/hello.last2ticket.com\/pt\/wp-json\/wp\/v2\/users\/8"}],"replies":[{"embeddable":true,"href":"https:\/\/hello.last2ticket.com\/pt\/wp-json\/wp\/v2\/comments?post=16279"}],"version-history":[{"count":1,"href":"https:\/\/hello.last2ticket.com\/pt\/wp-json\/wp\/v2\/pages\/16279\/revisions"}],"predecessor-version":[{"id":16280,"href":"https:\/\/hello.last2ticket.com\/pt\/wp-json\/wp\/v2\/pages\/16279\/revisions\/16280"}],"wp:attachment":[{"href":"https:\/\/hello.last2ticket.com\/pt\/wp-json\/wp\/v2\/media?parent=16279"}],"curies":[{"name":"wp","href":"https:\/\/api.w.org\/{rel}","templated":true}]}}