
{"id":13724,"date":"2024-09-16T14:49:21","date_gmt":"2024-09-16T14:49:21","guid":{"rendered":"https:\/\/hello-dev-test.last2ticket.com\/?page_id=13724"},"modified":"2025-03-04T11:25:11","modified_gmt":"2025-03-04T11:25:11","slug":"news","status":"publish","type":"page","link":"https:\/\/hello.last2ticket.com\/pt\/news\/","title":{"rendered":"Novidades"},"content":{"rendered":"\n<div class=\"wp-block-cover alignfull\" style=\"padding-right:245px;padding-left:245px;min-height:402px;aspect-ratio:unset;\"><span aria-hidden=\"true\" class=\"wp-block-cover__background has-background-dim-20 has-background-dim\"><\/span><img fetchpriority=\"high\" decoding=\"async\" width=\"1024\" height=\"287\" class=\"wp-block-cover__image-background wp-image-13364\" alt=\"\" src=\"https:\/\/hello-dev-test.last2ticket.com\/wp-content\/uploads\/2019\/04\/happy-girl-marking-a-wall-map-1024x287.jpg\" data-object-fit=\"cover\" srcset=\"https:\/\/hello.last2ticket.com\/wp-content\/uploads\/2019\/04\/happy-girl-marking-a-wall-map-1024x287.jpg 1024w, https:\/\/hello.last2ticket.com\/wp-content\/uploads\/2019\/04\/happy-girl-marking-a-wall-map-300x84.jpg 300w, https:\/\/hello.last2ticket.com\/wp-content\/uploads\/2019\/04\/happy-girl-marking-a-wall-map-768x215.jpg 768w, https:\/\/hello.last2ticket.com\/wp-content\/uploads\/2019\/04\/happy-girl-marking-a-wall-map-1536x431.jpg 1536w, https:\/\/hello.last2ticket.com\/wp-content\/uploads\/2019\/04\/happy-girl-marking-a-wall-map.jpg 1890w\" sizes=\"(max-width: 1024px) 100vw, 1024px\" \/><div class=\"wp-block-cover__inner-container is-layout-flow wp-block-cover-is-layout-flow\">\n<p class=\"has-text-align-left has-ast-global-color-5-color has-text-color has-link-color has-large-font-size wp-elements-80c6db3855d4807185f16773e006a7dd\"><strong>Novidades<\/strong><\/p>\n<\/div><\/div>\n\n\n\n<div class=\"wp-block-uagb-container uagb-block-6df9895c alignfull uagb-is-root-container\"><div class=\"uagb-container-inner-blocks-wrap\">\n\t\t\t<div class=\"wp-block-uagb-post-grid uagb-post-grid  uagb-post__image-position-top uagb-post__image-enabled uagb-block-ea163d14     uagb-post__items uagb-post__columns-2 is-grid uagb-post__columns-tablet-2 uagb-post__columns-mobile-1 uagb-post__equal-height uagb-equal_height_inline-read-more-buttons\" data-total=\"1\" style=\"\">\n\n\t\t\t\t\t\t\t\t\t\t\t\t<article class=\"uagb-post__inner-wrap\">\t\t\t\t\t\t\t\t<div class='uagb-post__image'>\n\t\t\t\t\t\t\t\t\t<a href=\"https:\/\/hello.last2ticket.com\/pt\/sunny-hill-festival\/\" target=\"_self\" rel=\"bookmark noopener noreferrer\" class='uagb-image-ratio-2-3'><img decoding=\"async\" width=\"600\" height=\"403\" src=\"https:\/\/hello.last2ticket.com\/wp-content\/uploads\/2025\/01\/DjWZyf1XsAAqABs.jpg\" class=\"attachment-large size-large\" alt=\"\" srcset=\"https:\/\/hello.last2ticket.com\/wp-content\/uploads\/2025\/01\/DjWZyf1XsAAqABs.jpg 600w, https:\/\/hello.last2ticket.com\/wp-content\/uploads\/2025\/01\/DjWZyf1XsAAqABs-300x202.jpg 300w\" sizes=\"(max-width: 600px) 100vw, 600px\" \/>\t\t\t\t\t<\/a>\n\t\t\t\t\t\t\t<\/div>\n\t\t\t\t\t\t<h4 class=\"uagb-post__title uagb-post__text\">\n\t\t\t\t<a href=\"https:\/\/hello.last2ticket.com\/pt\/sunny-hill-festival\/\" target=\"_self\" rel=\"bookmark noopener noreferrer\">Sunny Hill junta estrelas da m\u00fasica com a nossa ajuda!<\/a>\n\t\t\t<\/h4>\n\t\t\t\t\t\t<div class='uagb-post__text uagb-post-grid-byline'>\n\t\t\t\t\t\t\t\t<span class=\"uagb-post__author\">\n\t\t\t\t\t\t\t\t\t<a href=\"https:\/\/hello.last2ticket.com\/pt\/author\/sophia-allen\/\" title=\"Posts by Sophia Allen\" rel=\"author\">Sophia Allen<\/a>\t\t\t\t<\/span>\n\t\t\t\t\t\t\t<time datetime=\"2018-03-27T11:35:38+00:00\" class=\"uagb-post__date\">\n\t\t\t\t\t\t\t\t\tMarch 27, 2018\t\t\t\t<\/time>\n\t\t\t\t\t\t<\/div>\n\t\t\t\t\t\t\t<div class='uagb-post__text uagb-post__excerpt'>\n\t\t\t\t\t<p>O festival de ver\u00e3o junta estrelas gal\u00e1ticas da m\u00fasica com ajuda das ferramentas de organiza\u00e7\u00e3o de eventos da Last2Ticket. Dua&#8230;\t\t\t\t<\/div>\n\t\t\t\t\t\t<div class=\"uagb-post__text uagb-post__cta wp-block-button\">\n\t\t\t\t<a class=\"wp-block-button__link uagb-text-link\" style=\"\" href=\"https:\/\/hello.last2ticket.com\/pt\/sunny-hill-festival\/\" target=\"_self\" rel=\"bookmark noopener noreferrer\">Ler Artigo<\/a>\n\t\t\t<\/div>\n\t\t\t\n\t\t\t\t\t\t\t\t\t<\/article>\n\t\t\t\t\t\t\t\t\t\t\t<\/div>\n\t\t\t<\/div><\/div>\n","protected":false},"excerpt":{"rendered":"","protected":false},"author":1,"featured_media":0,"parent":0,"menu_order":0,"comment_status":"closed","ping_status":"closed","template":"","meta":{"_acf_changed":false,"_uag_custom_page_level_css":"","site-sidebar-layout":"default","site-content-layout":"","ast-site-content-layout":"","site-content-style":"default","site-sidebar-style":"default","ast-global-header-display":"","ast-banner-title-visibility":"","ast-main-header-display":"","ast-hfb-above-header-display":"","ast-hfb-below-header-display":"","ast-hfb-mobile-header-display":"","site-post-title":"disabled","ast-breadcrumbs-content":"","ast-featured-img":"","footer-sml-layout":"","theme-transparent-header-meta":"","adv-header-id-meta":"","stick-header-meta":"","header-above-stick-meta":"","header-main-stick-meta":"","header-below-stick-meta":"","astra-migrate-meta-layouts":"default","ast-page-background-enabled":"default","ast-page-background-meta":{"desktop":{"background-color":"var(--ast-global-color-4)","background-image":"","background-repeat":"repeat","background-position":"center center","background-size":"auto","background-attachment":"scroll","background-type":"","background-media":"","overlay-type":"","overlay-color":"","overlay-opacity":"","overlay-gradient":""},"tablet":{"background-color":"","background-image":"","background-repeat":"repeat","background-position":"center center","background-size":"auto","background-attachment":"scroll","background-type":"","background-media":"","overlay-type":"","overlay-color":"","overlay-opacity":"","overlay-gradient":""},"mobile":{"background-color":"","background-image":"","background-repeat":"repeat","background-position":"center center","background-size":"auto","background-attachment":"scroll","background-type":"","background-media":"","overlay-type":"","overlay-color":"","overlay-opacity":"","overlay-gradient":""}},"ast-content-background-meta":{"desktop":{"background-color":"var(--ast-global-color-5)","background-image":"","background-repeat":"repeat","background-position":"center center","background-size":"auto","background-attachment":"scroll","background-type":"","background-media":"","overlay-type":"","overlay-color":"","overlay-opacity":"","overlay-gradient":""},"tablet":{"background-color":"var(--ast-global-color-5)","background-image":"","background-repeat":"repeat","background-position":"center center","background-size":"auto","background-attachment":"scroll","background-type":"","background-media":"","overlay-type":"","overlay-color":"","overlay-opacity":"","overlay-gradient":""},"mobile":{"background-color":"var(--ast-global-color-5)","background-image":"","background-repeat":"repeat","background-position":"center center","background-size":"auto","background-attachment":"scroll","background-type":"","background-media":"","overlay-type":"","overlay-color":"","overlay-opacity":"","overlay-gradient":""}},"footnotes":""},"class_list":["post-13724","page","type-page","status-publish","hentry"],"acf":[],"yoast_head":"<!-- This site is optimized with the Yoast SEO plugin v24.6 - https:\/\/yoast.com\/wordpress\/plugins\/seo\/ -->\n<title>Novidades - Last2Ticket<\/title>\n<meta name=\"robots\" content=\"index, follow, max-snippet:-1, max-image-preview:large, max-video-preview:-1\" \/>\n<link rel=\"canonical\" href=\"https:\/\/hello.last2ticket.com\/pt\/news\/\" \/>\n<meta property=\"og:locale\" content=\"pt_PT\" \/>\n<meta property=\"og:type\" content=\"article\" \/>\n<meta property=\"og:title\" content=\"Novidades - Last2Ticket\" \/>\n<meta property=\"og:url\" content=\"https:\/\/hello.last2ticket.com\/pt\/news\/\" \/>\n<meta property=\"og:site_name\" content=\"Last2Ticket\" \/>\n<meta property=\"article:modified_time\" content=\"2025-03-04T11:25:11+00:00\" \/>\n<meta property=\"og:image\" content=\"https:\/\/hello-dev-test.last2ticket.com\/wp-content\/uploads\/2019\/04\/happy-girl-marking-a-wall-map-1024x287.jpg\" \/>\n<meta name=\"twitter:card\" content=\"summary_large_image\" \/>\n<meta name=\"twitter:label1\" content=\"Est. reading time\" \/>\n\t<meta name=\"twitter:data1\" content=\"1 minute\" \/>\n<script type=\"application\/ld+json\" class=\"yoast-schema-graph\">{\"@context\":\"https:\/\/schema.org\",\"@graph\":[{\"@type\":\"WebPage\",\"@id\":\"https:\/\/hello.last2ticket.com\/pt\/news\/\",\"url\":\"https:\/\/hello.last2ticket.com\/pt\/news\/\",\"name\":\"Novidades - Last2Ticket\",\"isPartOf\":{\"@id\":\"https:\/\/hello.last2ticket.com\/#website\"},\"primaryImageOfPage\":{\"@id\":\"https:\/\/hello.last2ticket.com\/pt\/news\/#primaryimage\"},\"image\":{\"@id\":\"https:\/\/hello.last2ticket.com\/pt\/news\/#primaryimage\"},\"thumbnailUrl\":\"https:\/\/hello-dev-test.last2ticket.com\/wp-content\/uploads\/2019\/04\/happy-girl-marking-a-wall-map-1024x287.jpg\",\"datePublished\":\"2024-09-16T14:49:21+00:00\",\"dateModified\":\"2025-03-04T11:25:11+00:00\",\"breadcrumb\":{\"@id\":\"https:\/\/hello.last2ticket.com\/pt\/news\/#breadcrumb\"},\"inLanguage\":\"pt\",\"potentialAction\":[{\"@type\":\"ReadAction\",\"target\":[\"https:\/\/hello.last2ticket.com\/pt\/news\/\"]}]},{\"@type\":\"ImageObject\",\"inLanguage\":\"pt\",\"@id\":\"https:\/\/hello.last2ticket.com\/pt\/news\/#primaryimage\",\"url\":\"https:\/\/hello-dev-test.last2ticket.com\/wp-content\/uploads\/2019\/04\/happy-girl-marking-a-wall-map-1024x287.jpg\",\"contentUrl\":\"https:\/\/hello-dev-test.last2ticket.com\/wp-content\/uploads\/2019\/04\/happy-girl-marking-a-wall-map-1024x287.jpg\"},{\"@type\":\"BreadcrumbList\",\"@id\":\"https:\/\/hello.last2ticket.com\/pt\/news\/#breadcrumb\",\"itemListElement\":[{\"@type\":\"ListItem\",\"position\":1,\"name\":\"In\u00edcio\",\"item\":\"https:\/\/hello.last2ticket.com\/pt\/\"},{\"@type\":\"ListItem\",\"position\":2,\"name\":\"Novidades\"}]},{\"@type\":\"WebSite\",\"@id\":\"https:\/\/hello.last2ticket.com\/#website\",\"url\":\"https:\/\/hello.last2ticket.com\/\",\"name\":\"Last2Ticket\",\"description\":\"\",\"publisher\":{\"@id\":\"https:\/\/hello.last2ticket.com\/#organization\"},\"potentialAction\":[{\"@type\":\"SearchAction\",\"target\":{\"@type\":\"EntryPoint\",\"urlTemplate\":\"https:\/\/hello.last2ticket.com\/?s={search_term_string}\"},\"query-input\":{\"@type\":\"PropertyValueSpecification\",\"valueRequired\":true,\"valueName\":\"search_term_string\"}}],\"inLanguage\":\"pt\"},{\"@type\":\"Organization\",\"@id\":\"https:\/\/hello.last2ticket.com\/#organization\",\"name\":\"Last2Ticket\",\"url\":\"https:\/\/hello.last2ticket.com\/\",\"logo\":{\"@type\":\"ImageObject\",\"inLanguage\":\"pt\",\"@id\":\"https:\/\/hello.last2ticket.com\/#\/schema\/logo\/image\/\",\"url\":\"https:\/\/hello.last2ticket.com\/wp-content\/uploads\/2018\/10\/cropped-Logo-L2T-01.png\",\"contentUrl\":\"https:\/\/hello.last2ticket.com\/wp-content\/uploads\/2018\/10\/cropped-Logo-L2T-01.png\",\"width\":2439,\"height\":813,\"caption\":\"Last2Ticket\"},\"image\":{\"@id\":\"https:\/\/hello.last2ticket.com\/#\/schema\/logo\/image\/\"}}]}<\/script>\n<!-- \/ Yoast SEO plugin. -->","yoast_head_json":{"title":"Novidades - Last2Ticket","robots":{"index":"index","follow":"follow","max-snippet":"max-snippet:-1","max-image-preview":"max-image-preview:large","max-video-preview":"max-video-preview:-1"},"canonical":"https:\/\/hello.last2ticket.com\/pt\/news\/","og_locale":"pt_PT","og_type":"article","og_title":"Novidades - Last2Ticket","og_url":"https:\/\/hello.last2ticket.com\/pt\/news\/","og_site_name":"Last2Ticket","article_modified_time":"2025-03-04T11:25:11+00:00","og_image":[{"url":"https:\/\/hello-dev-test.last2ticket.com\/wp-content\/uploads\/2019\/04\/happy-girl-marking-a-wall-map-1024x287.jpg","type":"","width":"","height":""}],"twitter_card":"summary_large_image","twitter_misc":{"Est. reading time":"1 minute"},"schema":{"@context":"https:\/\/schema.org","@graph":[{"@type":"WebPage","@id":"https:\/\/hello.last2ticket.com\/pt\/news\/","url":"https:\/\/hello.last2ticket.com\/pt\/news\/","name":"Novidades - Last2Ticket","isPartOf":{"@id":"https:\/\/hello.last2ticket.com\/#website"},"primaryImageOfPage":{"@id":"https:\/\/hello.last2ticket.com\/pt\/news\/#primaryimage"},"image":{"@id":"https:\/\/hello.last2ticket.com\/pt\/news\/#primaryimage"},"thumbnailUrl":"https:\/\/hello-dev-test.last2ticket.com\/wp-content\/uploads\/2019\/04\/happy-girl-marking-a-wall-map-1024x287.jpg","datePublished":"2024-09-16T14:49:21+00:00","dateModified":"2025-03-04T11:25:11+00:00","breadcrumb":{"@id":"https:\/\/hello.last2ticket.com\/pt\/news\/#breadcrumb"},"inLanguage":"pt","potentialAction":[{"@type":"ReadAction","target":["https:\/\/hello.last2ticket.com\/pt\/news\/"]}]},{"@type":"ImageObject","inLanguage":"pt","@id":"https:\/\/hello.last2ticket.com\/pt\/news\/#primaryimage","url":"https:\/\/hello-dev-test.last2ticket.com\/wp-content\/uploads\/2019\/04\/happy-girl-marking-a-wall-map-1024x287.jpg","contentUrl":"https:\/\/hello-dev-test.last2ticket.com\/wp-content\/uploads\/2019\/04\/happy-girl-marking-a-wall-map-1024x287.jpg"},{"@type":"BreadcrumbList","@id":"https:\/\/hello.last2ticket.com\/pt\/news\/#breadcrumb","itemListElement":[{"@type":"ListItem","position":1,"name":"In\u00edcio","item":"https:\/\/hello.last2ticket.com\/pt\/"},{"@type":"ListItem","position":2,"name":"Novidades"}]},{"@type":"WebSite","@id":"https:\/\/hello.last2ticket.com\/#website","url":"https:\/\/hello.last2ticket.com\/","name":"Last2Ticket","description":"","publisher":{"@id":"https:\/\/hello.last2ticket.com\/#organization"},"potentialAction":[{"@type":"SearchAction","target":{"@type":"EntryPoint","urlTemplate":"https:\/\/hello.last2ticket.com\/?s={search_term_string}"},"query-input":{"@type":"PropertyValueSpecification","valueRequired":true,"valueName":"search_term_string"}}],"inLanguage":"pt"},{"@type":"Organization","@id":"https:\/\/hello.last2ticket.com\/#organization","name":"Last2Ticket","url":"https:\/\/hello.last2ticket.com\/","logo":{"@type":"ImageObject","inLanguage":"pt","@id":"https:\/\/hello.last2ticket.com\/#\/schema\/logo\/image\/","url":"https:\/\/hello.last2ticket.com\/wp-content\/uploads\/2018\/10\/cropped-Logo-L2T-01.png","contentUrl":"https:\/\/hello.last2ticket.com\/wp-content\/uploads\/2018\/10\/cropped-Logo-L2T-01.png","width":2439,"height":813,"caption":"Last2Ticket"},"image":{"@id":"https:\/\/hello.last2ticket.com\/#\/schema\/logo\/image\/"}}]}},"uagb_featured_image_src":{"full":false,"thumbnail":false,"medium":false,"medium_large":false,"large":false,"1536x1536":false,"2048x2048":false},"uagb_author_info":{"display_name":"user","author_link":"https:\/\/hello.last2ticket.com\/pt\/author\/user\/"},"uagb_comment_info":0,"uagb_excerpt":null,"_links":{"self":[{"href":"https:\/\/hello.last2ticket.com\/pt\/wp-json\/wp\/v2\/pages\/13724","targetHints":{"allow":["GET"]}}],"collection":[{"href":"https:\/\/hello.last2ticket.com\/pt\/wp-json\/wp\/v2\/pages"}],"about":[{"href":"https:\/\/hello.last2ticket.com\/pt\/wp-json\/wp\/v2\/types\/page"}],"author":[{"embeddable":true,"href":"https:\/\/hello.last2ticket.com\/pt\/wp-json\/wp\/v2\/users\/1"}],"replies":[{"embeddable":true,"href":"https:\/\/hello.last2ticket.com\/pt\/wp-json\/wp\/v2\/comments?post=13724"}],"version-history":[{"count":23,"href":"https:\/\/hello.last2ticket.com\/pt\/wp-json\/wp\/v2\/pages\/13724\/revisions"}],"predecessor-version":[{"id":22850,"href":"https:\/\/hello.last2ticket.com\/pt\/wp-json\/wp\/v2\/pages\/13724\/revisions\/22850"}],"wp:attachment":[{"href":"https:\/\/hello.last2ticket.com\/pt\/wp-json\/wp\/v2\/media?parent=13724"}],"curies":[{"name":"wp","href":"https:\/\/api.w.org\/{rel}","templated":true}]}}